{"id":213,"date":"2024-03-31T01:25:52","date_gmt":"2024-03-31T00:25:52","guid":{"rendered":"https:\/\/evernikao.com\/?page_id=213"},"modified":"2025-05-22T21:38:03","modified_gmt":"2025-05-23T01:38:03","slug":"my-bio","status":"publish","type":"page","link":"https:\/\/evernikao.com\/index.php\/my-bio\/","title":{"rendered":"My Bio"},"content":{"rendered":"\t\t<div data-elementor-type=\"wp-page\" data-elementor-id=\"213\" class=\"elementor elementor-213\" data-elementor-post-type=\"page\">\n\t\t\t\t<div data-ka-cursor-size=\"1\" class=\"elementor-element elementor-element-0fad6c7 e-flex e-con-boxed e-con e-parent\" data-id=\"0fad6c7\" data-element_type=\"container\" data-e-type=\"container\" data-settings=\"{&quot;kng_cursor_interaction&quot;:&quot;default&quot;,&quot;kng_cursor_magnetic&quot;:&quot;none&quot;,&quot;kng_cursor_size_multiplier&quot;:{&quot;unit&quot;:&quot;px&quot;,&quot;size&quot;:1,&quot;sizes&quot;:[]}}\">\n\t\t\t\t\t<div class=\"e-con-inner\">\n\t\t<div data-ka-cursor-size=\"1\" class=\"elementor-element elementor-element-d6e2a8b e-con-full e-flex e-con e-child\" data-id=\"d6e2a8b\" data-element_type=\"container\" data-e-type=\"container\" data-settings=\"{&quot;kng_cursor_interaction&quot;:&quot;default&quot;,&quot;kng_cursor_magnetic&quot;:&quot;none&quot;,&quot;kng_cursor_size_multiplier&quot;:{&quot;unit&quot;:&quot;px&quot;,&quot;size&quot;:1,&quot;sizes&quot;:[]}}\">\n\t\t\t\t<div data-ka-cursor-size=\"1\" class=\"elementor-element elementor-element-d8a4272 pp-card-slider-image-left pp-card-slider-dots-aside elementor-widget elementor-widget-pp-card-slider\" data-id=\"d8a4272\" data-element_type=\"widget\" data-e-type=\"widget\" data-settings=\"{&quot;pause_on_interaction&quot;:&quot;yes&quot;,&quot;grab_cursor&quot;:&quot;yes&quot;,&quot;keyboard_nav&quot;:&quot;yes&quot;,&quot;date&quot;:&quot;yes&quot;,&quot;open_lightbox&quot;:&quot;default&quot;,&quot;autoplay&quot;:&quot;yes&quot;,&quot;autoplay_speed&quot;:3000,&quot;loop&quot;:&quot;yes&quot;,&quot;pagination&quot;:&quot;yes&quot;,&quot;pagination_type&quot;:&quot;bullets&quot;,&quot;kng_cursor_interaction&quot;:&quot;default&quot;,&quot;kng_cursor_magnetic&quot;:&quot;none&quot;,&quot;kng_cursor_size_multiplier&quot;:{&quot;unit&quot;:&quot;px&quot;,&quot;size&quot;:1,&quot;sizes&quot;:[]}}\" data-widget_type=\"pp-card-slider.default\">\n\t\t\t\t<div class=\"elementor-widget-container\">\n\t\t\t\t\t\t\t<div class=\"pp-card-slider pp-swiper-slider\" data-slider-settings=\"{&quot;direction&quot;:&quot;horizontal&quot;,&quot;speed&quot;:400,&quot;effect&quot;:&quot;fade&quot;,&quot;slidesPerView&quot;:1,&quot;grabCursor&quot;:true,&quot;autoHeight&quot;:false,&quot;loop&quot;:true,&quot;fadeEffect&quot;:{&quot;crossFade&quot;:true},&quot;autoplay&quot;:{&quot;delay&quot;:3000,&quot;disableOnInteraction&quot;:true},&quot;keyboard&quot;:{&quot;enabled&quot;:true},&quot;pagination&quot;:{&quot;el&quot;:&quot;.swiper-pagination&quot;,&quot;type&quot;:&quot;bullets&quot;,&quot;clickable&quot;:true}}\">\n\t\t\t<div class=\"swiper-wrapper\">\n\t\t\t\t\t\t\t<div class=\"pp-card-slider-item swiper-slide elementor-repeater-item-dcb9764\">\n\t\t\t\t\t\t\t\t\t\t\t<div class=\"pp-card-slider-image\">\n\t\t\t\t<a data-elementor-open-lightbox=\"default\" data-elementor-lightbox-slideshow=\"d8a4272\" data-elementor-lightbox-index=\"0\" href=\"http:\/\/evernikao.com\/wp-content\/uploads\/2024\/03\/perfil-alargado-scaled.jpg\" class=\"elementor-clickable\"><img fetchpriority=\"high\" decoding=\"async\" width=\"800\" height=\"600\" src=\"https:\/\/evernikao.com\/wp-content\/uploads\/2024\/03\/perfil-alargado-1024x768.jpg\" class=\"attachment-large size-large wp-image-58\" alt=\"\" srcset=\"https:\/\/evernikao.com\/wp-content\/uploads\/2024\/03\/perfil-alargado-1024x768.jpg 1024w, https:\/\/evernikao.com\/wp-content\/uploads\/2024\/03\/perfil-alargado-300x225.jpg 300w, https:\/\/evernikao.com\/wp-content\/uploads\/2024\/03\/perfil-alargado-768x576.jpg 768w, https:\/\/evernikao.com\/wp-content\/uploads\/2024\/03\/perfil-alargado-1536x1151.jpg 1536w, https:\/\/evernikao.com\/wp-content\/uploads\/2024\/03\/perfil-alargado-2048x1535.jpg 2048w\" sizes=\"(max-width: 800px) 100vw, 800px\" \/><\/a>\t\t\t<\/div>\n\t\t\t\t\t\t\t<div class=\"pp-card-slider-content-wrap\">\n\t\t\t\t\t\t\t\t<div class=\"pp-card-slider-date\">\n\t\t\t\t\t\t\t\t\t<span class=\"pp-card-slider-meta-icon pp-icon\">\n\t\t\t\t\t\t<svg aria-hidden=\"true\" class=\"e-font-icon-svg e-fas-angle-double-right\" viewBox=\"0 0 448 512\" xmlns=\"http:\/\/www.w3.org\/2000\/svg\"><path d=\"M224.3 273l-136 136c-9.4 9.4-24.6 9.4-33.9 0l-22.6-22.6c-9.4-9.4-9.4-24.6 0-33.9l96.4-96.4-96.4-96.4c-9.4-9.4-9.4-24.6 0-33.9L54.3 103c9.4-9.4 24.6-9.4 33.9 0l136 136c9.5 9.4 9.5 24.6.1 34zm192-34l-136-136c-9.4-9.4-24.6-9.4-33.9 0l-22.6 22.6c-9.4 9.4-9.4 24.6 0 33.9l96.4 96.4-96.4 96.4c-9.4 9.4-9.4 24.6 0 33.9l22.6 22.6c9.4 9.4 24.6 9.4 33.9 0l136-136c9.4-9.2 9.4-24.4 0-33.8z\"><\/path><\/svg>\t\t\t\t\t<\/span>\n\t\t\t\t\t\t\t\t<span class=\"pp-card-slider-meta-text\">\n\t\t\t\t\tCon\u00f3ceme \t\t\t\t<\/span>\n\t\t\t<\/div>\n\t\t\t\t\t\t\t\t\t\t\t\t\t\t<h2 class=\"pp-card-slider-title\">\n\t\t\t\t\t\t\t\u00bfQui\u00e9n es EVERNIKAO?\t\t\t\t\t\t<\/h2>\n\t\t\t\t\t\t\t\t\t\t\t\t\t\t\t\t<div class=\"pp-card-slider-content\">\n\t\t\t\t\t\t\t<p>Ever Vera, nacido de Maracaibo, Venezuela, ha encontrado en el mundo entero su escenario. Su carrera musical inici\u00f3 con el sencillo \u00abVos y Yo\u00bb, seguido por el lanzamiento de su EP \u00ab24-34\u00bb, que marca el comienzo de una prometedora trayectoria art\u00edstica. Este a\u00f1o se prepara para sorprender con nueva m\u00fasica que promete consolidar a\u00fan m\u00e1s su lugar en la escena musical.<\/p><p><strong><em>Se dice f\u00e1cil pero si supieran por lo que pas\u00e9&#8230;\u00a0<\/em><\/strong><\/p>\t\t\t\t\t\t<\/div>\n\t\t\t\t\t\t\t\t\t\t\t\t\t\t<\/div>\n\t\t\t<\/div>\n\t\t\t\t\t\t<div class=\"pp-card-slider-item swiper-slide elementor-repeater-item-5864e74\">\n\t\t\t\t\t\t\t\t\t\t\t<div class=\"pp-card-slider-image\">\n\t\t\t\t<a data-elementor-open-lightbox=\"default\" data-elementor-lightbox-slideshow=\"d8a4272\" data-elementor-lightbox-index=\"1\" href=\"http:\/\/evernikao.com\/wp-content\/uploads\/2025\/04\/Captura-de-pantalla-2025-04-16-101247.png\" class=\"elementor-clickable\"><img decoding=\"async\" width=\"751\" height=\"768\" src=\"https:\/\/evernikao.com\/wp-content\/uploads\/2025\/04\/Captura-de-pantalla-2025-04-16-101247.png\" class=\"attachment-large size-large wp-image-419\" alt=\"\" srcset=\"https:\/\/evernikao.com\/wp-content\/uploads\/2025\/04\/Captura-de-pantalla-2025-04-16-101247.png 751w, https:\/\/evernikao.com\/wp-content\/uploads\/2025\/04\/Captura-de-pantalla-2025-04-16-101247-293x300.png 293w\" sizes=\"(max-width: 751px) 100vw, 751px\" \/><\/a>\t\t\t<\/div>\n\t\t\t\t\t\t\t<div class=\"pp-card-slider-content-wrap\">\n\t\t\t\t\t\t\t\t<div class=\"pp-card-slider-date\">\n\t\t\t\t\t\t\t\t\t<span class=\"pp-card-slider-meta-icon pp-icon\">\n\t\t\t\t\t\t<svg aria-hidden=\"true\" class=\"e-font-icon-svg e-fas-angle-double-right\" viewBox=\"0 0 448 512\" xmlns=\"http:\/\/www.w3.org\/2000\/svg\"><path d=\"M224.3 273l-136 136c-9.4 9.4-24.6 9.4-33.9 0l-22.6-22.6c-9.4-9.4-9.4-24.6 0-33.9l96.4-96.4-96.4-96.4c-9.4-9.4-9.4-24.6 0-33.9L54.3 103c9.4-9.4 24.6-9.4 33.9 0l136 136c9.5 9.4 9.5 24.6.1 34zm192-34l-136-136c-9.4-9.4-24.6-9.4-33.9 0l-22.6 22.6c-9.4 9.4-9.4 24.6 0 33.9l96.4 96.4-96.4 96.4c-9.4 9.4-9.4 24.6 0 33.9l22.6 22.6c9.4 9.4 24.6 9.4 33.9 0l136-136c9.4-9.2 9.4-24.4 0-33.8z\"><\/path><\/svg>\t\t\t\t\t<\/span>\n\t\t\t\t\t\t\t\t<span class=\"pp-card-slider-meta-text\">\n\t\t\t\t\tMis inicios\t\t\t\t<\/span>\n\t\t\t<\/div>\n\t\t\t\t\t\t\t\t\t\t\t\t\t\t<h2 class=\"pp-card-slider-title\">\n\t\t\t\t\t\t\t\u00bfDe donde vengo?\t\t\t\t\t\t<\/h2>\n\t\t\t\t\t\t\t\t\t\t\t\t\t\t\t\t<div class=\"pp-card-slider-content\">\n\t\t\t\t\t\t\t<p>Nacido en la ciudad de Maracaibo, ya antes mencionado, pero viv\u00ed gran parte de mi ni\u00f1ez y adolescencia en San Francisco, Venezuela, un lugar igual de m\u00e1gico pero en lo personal, la MAGIA estaba en el patio de mi CASA. Desde ah\u00ed pod\u00eda ver y sentir la majestuosidad del lago, la naturaleza viva en pi patio trasero, y la inspiraci\u00f3n de llegar aun mas lejos y descubrir que hab\u00eda mas all\u00e1 de lo que mis ojos pod\u00edan ver y mi curiosidad aun no se seseaba.<\/p><p>Es por eso que en mi naci\u00f3 la necesidad de explorarlo todo, sentirme libre en esa majestuosidad que estaba delante de mis ojos que para mi era impalpable, el gusto por las plantas, la lluvia, la brisa suave y h\u00fameda, la luna y las estrellas&#8230; quer\u00eda ser uno con eso que ve\u00eda y sent\u00eda desde que tengo uso de raz\u00f3n.<\/p><p>Sin Embargo, como todo en la vida, nada es color de Rosa&#8230;<\/p>\t\t\t\t\t\t<\/div>\n\t\t\t\t\t\t\t\t\t\t\t\t\t\t<\/div>\n\t\t\t<\/div>\n\t\t\t\t\t\t<div class=\"pp-card-slider-item swiper-slide elementor-repeater-item-b1beba7\">\n\t\t\t\t\t\t\t\t\t\t\t<div class=\"pp-card-slider-image\">\n\t\t\t\t<a data-elementor-open-lightbox=\"default\" data-elementor-lightbox-slideshow=\"d8a4272\" data-elementor-lightbox-index=\"2\" href=\"http:\/\/evernikao.com\/wp-content\/uploads\/2025\/04\/Captura-de-pantalla-2025-04-16-104334.png\" class=\"elementor-clickable\"><img decoding=\"async\" width=\"452\" height=\"538\" src=\"https:\/\/evernikao.com\/wp-content\/uploads\/2025\/04\/Captura-de-pantalla-2025-04-16-104334.png\" class=\"attachment-large size-large wp-image-420\" alt=\"\" srcset=\"https:\/\/evernikao.com\/wp-content\/uploads\/2025\/04\/Captura-de-pantalla-2025-04-16-104334.png 452w, https:\/\/evernikao.com\/wp-content\/uploads\/2025\/04\/Captura-de-pantalla-2025-04-16-104334-252x300.png 252w\" sizes=\"(max-width: 452px) 100vw, 452px\" \/><\/a>\t\t\t<\/div>\n\t\t\t\t\t\t\t<div class=\"pp-card-slider-content-wrap\">\n\t\t\t\t\t\t\t\t<div class=\"pp-card-slider-date\">\n\t\t\t\t\t\t\t\t\t<span class=\"pp-card-slider-meta-icon pp-icon\">\n\t\t\t\t\t\t<svg aria-hidden=\"true\" class=\"e-font-icon-svg e-fas-angle-double-right\" viewBox=\"0 0 448 512\" xmlns=\"http:\/\/www.w3.org\/2000\/svg\"><path d=\"M224.3 273l-136 136c-9.4 9.4-24.6 9.4-33.9 0l-22.6-22.6c-9.4-9.4-9.4-24.6 0-33.9l96.4-96.4-96.4-96.4c-9.4-9.4-9.4-24.6 0-33.9L54.3 103c9.4-9.4 24.6-9.4 33.9 0l136 136c9.5 9.4 9.5 24.6.1 34zm192-34l-136-136c-9.4-9.4-24.6-9.4-33.9 0l-22.6 22.6c-9.4 9.4-9.4 24.6 0 33.9l96.4 96.4-96.4 96.4c-9.4 9.4-9.4 24.6 0 33.9l22.6 22.6c9.4 9.4 24.6 9.4 33.9 0l136-136c9.4-9.2 9.4-24.4 0-33.8z\"><\/path><\/svg>\t\t\t\t\t<\/span>\n\t\t\t\t\t\t\t\t<span class=\"pp-card-slider-meta-text\">\n\t\t\t\t\tMis Problemas\t\t\t\t<\/span>\n\t\t\t<\/div>\n\t\t\t\t\t\t\t\t\t\t\t\t\t\t<h2 class=\"pp-card-slider-title\">\n\t\t\t\t\t\t\tMi desarrollo personal\t\t\t\t\t\t<\/h2>\n\t\t\t\t\t\t\t\t\t\t\t\t\t\t\t\t<div class=\"pp-card-slider-content\">\n\t\t\t\t\t\t\t<p>Nac\u00ed con una \u00abdiscapacidad\u00bb en la columna conocida como <strong>Escoliosis M\u00faltiple,\u00a0<\/strong>Es importante que recuerden esto.<\/p><p>A lo largo de mi vida esta condici\u00f3n me ha limitado un poco con actividades y cosas que he querido hacer, como el simple hecho de jugar con mis amigos cuando era ni\u00f1o, correr, subirme a un \u00e1rbol, cargar peso de alguna manera era una tarea un poco dif\u00edcil, me sometieron a varios tratamientos y me genero muchas inseguridades; pero mi pasi\u00f3n y mi ferviente deseo por la exploraci\u00f3n me hacia mas fuerte para llegar a superar esta condici\u00f3n.<\/p><p>Con el pasar del tiempo y la ayuda de Dios y mi familia, he logrado cosas que los m\u00e9dicos dec\u00edan que no pod\u00eda hacer nunca, he viajado a diferentes lugares del mundo, escalando monta\u00f1as, nadando r\u00edos, compitiendo en maratones, y adoptando un habito de ejercicios par fortalecer mis m\u00fasculos cada d\u00eda y disfrutar de la Naturaleza majestuosa que Dios nos ha regalado.<\/p><p>Hoy puedo decir, <strong>RETO SUPERADO!<\/strong><\/p>\t\t\t\t\t\t<\/div>\n\t\t\t\t\t\t\t\t\t\t\t\t\t\t<\/div>\n\t\t\t<\/div>\n\t\t\t\t\t\t<div class=\"pp-card-slider-item swiper-slide elementor-repeater-item-ed2b216\">\n\t\t\t\t\t\t\t\t\t\t\t<div class=\"pp-card-slider-image\">\n\t\t\t\t<a data-elementor-open-lightbox=\"default\" data-elementor-lightbox-slideshow=\"d8a4272\" data-elementor-lightbox-index=\"3\" href=\"http:\/\/evernikao.com\/wp-content\/uploads\/2025\/04\/Captura-de-pantalla-2025-04-16-104443.png\" class=\"elementor-clickable\"><img loading=\"lazy\" decoding=\"async\" width=\"582\" height=\"811\" src=\"https:\/\/evernikao.com\/wp-content\/uploads\/2025\/04\/Captura-de-pantalla-2025-04-16-104443.png\" class=\"attachment-large size-large wp-image-421\" alt=\"\" srcset=\"https:\/\/evernikao.com\/wp-content\/uploads\/2025\/04\/Captura-de-pantalla-2025-04-16-104443.png 582w, https:\/\/evernikao.com\/wp-content\/uploads\/2025\/04\/Captura-de-pantalla-2025-04-16-104443-215x300.png 215w\" sizes=\"(max-width: 582px) 100vw, 582px\" \/><\/a>\t\t\t<\/div>\n\t\t\t\t\t\t\t<div class=\"pp-card-slider-content-wrap\">\n\t\t\t\t\t\t\t\t<div class=\"pp-card-slider-date\">\n\t\t\t\t\t\t\t\t\t<span class=\"pp-card-slider-meta-icon pp-icon\">\n\t\t\t\t\t\t<svg aria-hidden=\"true\" class=\"e-font-icon-svg e-fas-angle-double-right\" viewBox=\"0 0 448 512\" xmlns=\"http:\/\/www.w3.org\/2000\/svg\"><path d=\"M224.3 273l-136 136c-9.4 9.4-24.6 9.4-33.9 0l-22.6-22.6c-9.4-9.4-9.4-24.6 0-33.9l96.4-96.4-96.4-96.4c-9.4-9.4-9.4-24.6 0-33.9L54.3 103c9.4-9.4 24.6-9.4 33.9 0l136 136c9.5 9.4 9.5 24.6.1 34zm192-34l-136-136c-9.4-9.4-24.6-9.4-33.9 0l-22.6 22.6c-9.4 9.4-9.4 24.6 0 33.9l96.4 96.4-96.4 96.4c-9.4 9.4-9.4 24.6 0 33.9l22.6 22.6c9.4 9.4 24.6 9.4 33.9 0l136-136c9.4-9.2 9.4-24.4 0-33.8z\"><\/path><\/svg>\t\t\t\t\t<\/span>\n\t\t\t\t\t\t\t\t<span class=\"pp-card-slider-meta-text\">\n\t\t\t\t\tEvoluci\u00f3n\t\t\t\t<\/span>\n\t\t\t<\/div>\n\t\t\t\t\t\t\t\t\t\t\t\t\t\t<h2 class=\"pp-card-slider-title\">\n\t\t\t\t\t\t\t\u00bfQu\u00e9 quiero compartir?\t\t\t\t\t\t<\/h2>\n\t\t\t\t\t\t\t\t\t\t\t\t\t\t\t\t<div class=\"pp-card-slider-content\">\n\t\t\t\t\t\t\t<p>Todo esto que les vengo contando es porque quiero compartir mi experiencia al mundo, porque puede que te sientas identificado con migo y mis historia.<\/p><p>Es por eso, que todo esto me genero una gran necesidad de demostrar lo que puedo hacer aun con dificultades, mi atrayente gusto por lo visual me llevo a despertar mi creatividad, logre ser fot\u00f3grafo, creador de contenido audiovisual, y una parte muy importante de mi, sacarla al exterior, CANTAR.<\/p><p>Esta faceta tambi\u00e9n nace en mi familia, mi hermana tiene un talento excepcional para la m\u00fasica y el canto, mis sobrinas tambi\u00e9n nacieron con ese don maravilloso pero yo no me iba a quedar atr\u00e1s.<\/p><p>En definitiva, Aprend\u00ed a tocar instrumentos, aprend\u00ed a cantar, me gradu\u00e9 de Abogado y aprend\u00ed ingles para que ninguna barrera del idioma me detenga.<\/p><p>Y as\u00ed nace este Nombre Art\u00edstico, <strong>EVERNIKAO<\/strong>, para compartir su arte, ya sea que sea del agrado de muchos o no, se que a miles o quiz\u00e1s millones de personas se identificaran con migo y puede que sea de inspiraci\u00f3n para salir adelante en la vida, porque como se dice popularmente: <em><strong>La Vida Es Bella!<\/strong><\/em><\/p>\t\t\t\t\t\t<\/div>\n\t\t\t\t\t\t\t\t\t\t\t\t\t\t<\/div>\n\t\t\t<\/div>\n\t\t\t\t\t\t<\/div>\n\t\t\t<div class=\"swiper-pagination\"><\/div>\n\t\t<\/div>\n\t\t\t\t\t\t<\/div>\n\t\t\t\t<\/div>\n\t\t\t\t<\/div>\n\t\t\t\t\t<\/div>\n\t\t\t\t<\/div>\n\t\t\t\t<\/div>\n\t\t","protected":false},"excerpt":{"rendered":"<p>Con\u00f3ceme \u00bfQui\u00e9n es EVERNIKAO? Ever Vera, nacido de Maracaibo, Venezuela, ha encontrado en el mundo entero su escenario. Su carrera musical inici\u00f3 con el sencillo \u00abVos y Yo\u00bb, seguido por el lanzamiento de su EP \u00ab24-34\u00bb, que marca el comienzo de una prometedora trayectoria art\u00edstica. Este a\u00f1o se prepara para sorprender con nueva m\u00fasica que [&hellip;]<\/p>\n","protected":false},"author":1,"featured_media":0,"parent":0,"menu_order":0,"comment_status":"closed","ping_status":"closed","template":"elementor_header_footer","meta":{"footnotes":""},"class_list":["post-213","page","type-page","status-publish","hentry"],"aioseo_notices":[],"_links":{"self":[{"href":"https:\/\/evernikao.com\/index.php\/wp-json\/wp\/v2\/pages\/213","targetHints":{"allow":["GET"]}}],"collection":[{"href":"https:\/\/evernikao.com\/index.php\/wp-json\/wp\/v2\/pages"}],"about":[{"href":"https:\/\/evernikao.com\/index.php\/wp-json\/wp\/v2\/types\/page"}],"author":[{"embeddable":true,"href":"https:\/\/evernikao.com\/index.php\/wp-json\/wp\/v2\/users\/1"}],"replies":[{"embeddable":true,"href":"https:\/\/evernikao.com\/index.php\/wp-json\/wp\/v2\/comments?post=213"}],"version-history":[{"count":16,"href":"https:\/\/evernikao.com\/index.php\/wp-json\/wp\/v2\/pages\/213\/revisions"}],"predecessor-version":[{"id":526,"href":"https:\/\/evernikao.com\/index.php\/wp-json\/wp\/v2\/pages\/213\/revisions\/526"}],"wp:attachment":[{"href":"https:\/\/evernikao.com\/index.php\/wp-json\/wp\/v2\/media?parent=213"}],"curies":[{"name":"wp","href":"https:\/\/api.w.org\/{rel}","templated":true}]}}